{"id":118,"date":"2019-04-05T17:59:46","date_gmt":"2019-04-05T20:59:46","guid":{"rendered":"https:\/\/www.luanadecoracoes.com.br\/site\/?page_id=118"},"modified":"2026-01-13T09:07:30","modified_gmt":"2026-01-13T12:07:30","slug":"localizacao","status":"publish","type":"page","link":"https:\/\/www.luanadecoracoes.com.br\/site\/localizacao\/","title":{"rendered":"Localiza\u00e7\u00e3o"},"content":{"rendered":"<div class=\"wpb-content-wrapper\">\t\t<div data-elementor-type=\"wp-page\" data-elementor-id=\"118\" class=\"elementor elementor-118\">\n\t\t\t\t\t\t<section class=\"elementor-section elementor-top-section elementor-element elementor-element-557cd6e elementor-section-boxed elementor-section-height-default elementor-section-height-default\" data-id=\"557cd6e\" data-element_type=\"section\">\n\t\t\t\t\t\t<div class=\"elementor-container elementor-column-gap-default\">\n\t\t\t\t\t<div class=\"elementor-column elementor-col-100 elementor-top-column elementor-element elementor-element-f64e85b\" data-id=\"f64e85b\" data-element_type=\"column\">\n\t\t\t<div class=\"elementor-widget-wrap elementor-element-populated\">\n\t\t\t\t\t\t<div class=\"elementor-element elementor-element-2bd0fe49 elementor-widget elementor-widget-text-editor\" data-id=\"2bd0fe49\" data-element_type=\"widget\" data-widget_type=\"text-editor.default\">\n\t\t\t\t<div class=\"elementor-widget-container\">\n\t\t\t\t\t\t\t[vc_row][vc_column][vc_row_inner][vc_column_inner width=&#8221;1\/2&#8243;][vc_column_text]\n<h1 style=\"color: #325086;\">SHCS C\/L 304 &#8211; Asa Sul &#8211; Bras\u00edlia<\/h1>\n[\/vc_column_text][vc_column_text]<strong>Loja de decora\u00e7\u00f5es com diversos produtos.<\/strong><\/p>\n<p>SHCS C\/L 304 Bloco D Loja 16 &#8211; Asa Sul<br>Bras\u00edlia-DF<br>70330-530<br>(61) 3323-1001[\/vc_column_text][\/vc_column_inner][vc_column_inner width=&#8221;1\/2&#8243;][vc_gmaps link=&#8221;#E-8_JTNDaWZyYW1lJTIwc3JjJTNEJTIyaHR0cHMlM0ElMkYlMkZ3d3cuZ29vZ2xlLmNvbSUyRm1hcHMlMkZlbWJlZCUzRnBiJTNEJTIxMW0xOCUyMTFtMTIlMjExbTMlMjExZDYxNDIyLjI2NDE4NzM5MTQyJTIxMmQtNDcuOTMyNDI4NzYxOTU1NjIlMjEzZC0xNS44MDk2NzM0NjA4ODg2ODQlMjEybTMlMjExZjAlMjEyZjAlMjEzZjAlMjEzbTIlMjExaTEwMjQlMjEyaTc2OCUyMTRmMTMuMSUyMTNtMyUyMTFtMiUyMTFzMHg5MzVhM2FjMjliMTY4ODA5JTI1M0EweDkxZGIzMWE1YzM5YmYxMWYlMjEyelRIVmhibUVnUkdWamIzSmh3NmZEdFdWeiUyMTVlMCUyMTNtMiUyMTFzcHQtQlIlMjEyc2JyJTIxNHYxNTkyNTc5NjczMTA4JTIxNW0yJTIxMXNwdC1CUiUyMTJzYnIlMjIlMjB3aWR0aCUzRCUyMjc1MCUyMiUyMGhlaWdodCUzRCUyMjM1MCUyMiUyMGZyYW1lYm9yZGVyJTNEJTIyMCUyMiUyMHN0eWxlJTNEJTIyYm9yZGVyJTNBMCUzQiUyMiUyMGFsbG93ZnVsbHNjcmVlbiUzRCUyMiUyMiUyMGFyaWEtaGlkZGVuJTNEJTIyZmFsc2UlMjIlMjB0YWJpbmRleCUzRCUyMjAlMjIlM0UlM0MlMkZpZnJhbWUlM0U=&#8221;][\/vc_column_inner][\/vc_row_inner][vc_empty_space][\/vc_column][\/vc_row][vc_row][vc_column][vc_row_inner][vc_column_inner width=&#8221;1\/2&#8243;][vc_column_text]\n<h1 style=\"color: #325086;\">Comercial Norte &#8211; QNE 17 &#8211; Taguatinga<\/h1>\n[\/vc_column_text][vc_column_text]<strong>Nossa loja possui diversos endere\u00e7os um deles.<\/strong><\/p>\n<p>QNE 17 Lote 15 Loja 1 s\/n St. E Norte &#8211; Taguatinga<br>Bras\u00edlia-DF<br>72125-170<br>(61) 3354-7100[\/vc_column_text][\/vc_column_inner][vc_column_inner width=&#8221;1\/2&#8243;][vc_gmaps link=&#8221;#E-8_JTNDaWZyYW1lJTIwc3JjJTNEJTIyaHR0cHMlM0ElMkYlMkZ3d3cuZ29vZ2xlLmNvbSUyRm1hcHMlMkZlbWJlZCUzRnBiJTNEJTIxMW0xOCUyMTFtMTIlMjExbTMlMjExZDc2NzcuODI3MzY3NDg0NTE1JTIxMmQtNDguMDcwMjU5MTY3OTkyNzclMjEzZC0xNS44MDg1MDQ3Mjc1MTI3NDYlMjEybTMlMjExZjAlMjEyZjAlMjEzZjAlMjEzbTIlMjExaTEwMjQlMjEyaTc2OCUyMTRmMTMuMSUyMTNtMyUyMTFtMiUyMTFzMHg5MzVhMzI4OTBlNjk0NjFkJTI1M0EweGYxMzE2Nzc4MGU1MDkxMzUlMjEyelRGVkJUa0VnUkVWRFQxSkJ3NGZEbFVWVCUyMTVlMCUyMTNtMiUyMTFzcHQtUFQlMjEyc2JyJTIxNHYxNDg3ODU2OTM1ODI1JTIyJTIwd2lkdGglM0QlMjI3NTAlMjIlMjBoZWlnaHQlM0QlMjIzNTAlMjIlMjBmcmFtZWJvcmRlciUzRCUyMjAlMjIlMjBzdHlsZSUzRCUyMmJvcmRlciUzQTAlMjIlMjBhbGxvd2Z1bGxzY3JlZW4lM0QlMjIlMjIlM0UlM0MlMkZpZnJhbWUlM0U=&#8221;][\/vc_column_inner][\/vc_row_inner][vc_empty_space][\/vc_column][\/vc_row][vc_row][vc_column][vc_row_inner][vc_column_inner width=&#8221;1\/2&#8243;][vc_column_text]\n<h1 style=\"color: #325086;\">CLN 111 &#8211; Asa Norte &#8211; Bras\u00edlia<\/h1>\n[\/vc_column_text][vc_column_text]<strong>Loja de decora\u00e7\u00e3o com diversos produtos.<\/strong><\/p>\n<p>CLN 111 Bloco C Lojas 17\/21 &#8211; Asa Norte<br>Bras\u00edlia-DF<br>70754-530<br>(61) 3033-1818[\/vc_column_text][\/vc_column_inner][vc_column_inner width=&#8221;1\/2&#8243;][vc_gmaps link=&#8221;#E-8_JTNDaWZyYW1lJTIwc3JjJTNEJTIyaHR0cHMlM0ElMkYlMkZ3d3cuZ29vZ2xlLmNvbSUyRm1hcHMlMkZlbWJlZCUzRnBiJTNEJTIxMW0xNCUyMTFtOCUyMTFtMyUyMTFkMzgzOS45Njg1OTc0OTUxNSUyMTJkLTQ3Ljg5MTYxMzMlMjEzZC0xNS43NTI4MDA0JTIxM20yJTIxMWkxMDI0JTIxMmk3NjglMjE0ZjEzLjElMjEzbTMlMjExbTIlMjExczB4OTM1YTNhMmUyZDUzYmQwZiUyNTNBMHg0ODg4NDk1OWNlMDhjY2I3JTIxMnNMdWFuYSUyQkRlY29yYSUyNUMzJTI1QTclMjVDMyUyNUI1ZXMlMkItJTJCU2hvd3Jvb20lMjE1ZTAlMjEzbTIlMjExc3B0LUJSJTIxMnNiciUyMTR2MTQ3NTg2MTgzMjg1MyUyMiUyMHdpZHRoJTNEJTIyNzUwJTIyJTIwaGVpZ2h0JTNEJTIyMzUwJTIyJTIwZnJhbWVib3JkZXIlM0QlMjIwJTIyJTIwc3R5bGUlM0QlMjJib3JkZXIlM0EwJTIyJTIwYWxsb3dmdWxsc2NyZWVuJTNEJTIyJTIyJTNFJTNDJTJGaWZyYW1lJTNF&#8221;][\/vc_column_inner][\/vc_row_inner][\/vc_column][\/vc_row][vc_row][vc_column][vc_empty_space][\/vc_column][\/vc_row<\/p>\t\t\t\t\t\t<\/div>\n\t\t\t\t<\/div>\n\t\t\t\t\t<\/div>\n\t\t<\/div>\n\t\t\t\t\t<\/div>\n\t\t<\/section>\n\t\t\t\t<section class=\"elementor-section elementor-top-section elementor-element elementor-element-d0c4c3b elementor-section-boxed elementor-section-height-default elementor-section-height-default\" data-id=\"d0c4c3b\" data-element_type=\"section\">\n\t\t\t\t\t\t<div class=\"elementor-container elementor-column-gap-default\">\n\t\t\t\t\t<div class=\"elementor-column elementor-col-100 elementor-top-column elementor-element elementor-element-a6c2116\" data-id=\"a6c2116\" data-element_type=\"column\">\n\t\t\t<div class=\"elementor-widget-wrap elementor-element-populated\">\n\t\t\t\t\t\t<div class=\"elementor-element elementor-element-8b4b2b3 elementor-widget elementor-widget-html\" data-id=\"8b4b2b3\" data-element_type=\"widget\" data-widget_type=\"html.default\">\n\t\t\t\t<div class=\"elementor-widget-container\">\n\t\t\t<script type=\"text\/javascript\" async src=\"https:\/\/d335luupugsy2.cloudfront.net\/js\/loader-scripts\/a0c92d71-a5ed-475b-bd18-324a8895e1df-loader.js\" ><\/script>\r\n<\/body>\t\t<\/div>\n\t\t\t\t<\/div>\n\t\t\t\t\t<\/div>\n\t\t<\/div>\n\t\t\t\t\t<\/div>\n\t\t<\/section>\n\t\t\t\t<section class=\"elementor-section elementor-top-section elementor-element elementor-element-dc891a5 elementor-section-boxed elementor-section-height-default elementor-section-height-default\" data-id=\"dc891a5\" data-element_type=\"section\">\n\t\t\t\t\t\t<div class=\"elementor-container elementor-column-gap-default\">\n\t\t\t\t\t<div class=\"elementor-column elementor-col-100 elementor-top-column elementor-element elementor-element-9ca1135\" data-id=\"9ca1135\" data-element_type=\"column\">\n\t\t\t<div class=\"elementor-widget-wrap elementor-element-populated\">\n\t\t\t\t\t\t<div class=\"elementor-element elementor-element-45dff8d elementor-widget elementor-widget-heading\" data-id=\"45dff8d\" data-element_type=\"widget\" data-widget_type=\"heading.default\">\n\t\t\t\t<div class=\"elementor-widget-container\">\n\t\t\t<h2 class=\"elementor-heading-title elementor-size-default\">Adicione o texto do seu t\u00edtulo aqui<\/h2>\t\t<\/div>\n\t\t\t\t<\/div>\n\t\t\t\t\t<\/div>\n\t\t<\/div>\n\t\t\t\t\t<\/div>\n\t\t<\/section>\n\t\t\t\t<\/div>\n\t\t<\/div>","protected":false},"excerpt":{"rendered":"[vc_row][vc_column][vc_row_inner][vc_column_inner width=&#8221;1\/2&#8243;][vc_column_text] SHCS C\/L 304 &#8211; Asa Sul &#8211; Bras\u00edlia [\/vc_column_text][vc_column_text]Loja de decora\u00e7\u00f5es com diversos produtos. SHCS C\/L 304 Bloco D Loja 16 &#8211; Asa SulBras\u00edlia-DF70330-530(61) 3323-1001[\/vc_column_text][\/vc_column_inner][vc_column_inner width=&#8221;1\/2&#8243;][vc_gmaps link=&#8221;#E-8_JTNDaWZyYW1lJTIwc3JjJTNEJTIyaHR0cHMlM0ElMkYlMkZ3d3cuZ29vZ2xlLmNvbSUyRm1hcHMlMkZlbWJlZCUzRnBiJTNEJTIxMW0xOCUyMTFtMTIlMjExbTMlMjExZDYxNDIyLjI2NDE4NzM5MTQyJTIxMmQtNDcuOTMyNDI4NzYxOTU1NjIlMjEzZC0xNS44MDk2NzM0NjA4ODg2ODQlMjEybTMlMjExZjAlMjEyZjAlMjEzZjAlMjEzbTIlMjExaTEwMjQlMjEyaTc2OCUyMTRmMTMuMSUyMTNtMyUyMTFtMiUyMTFzMHg5MzVhM2FjMjliMTY4ODA5JTI1M0EweDkxZGIzMWE1YzM5YmYxMWYlMjEyelRIVmhibUVnUkdWamIzSmh3NmZEdFdWeiUyMTVlMCUyMTNtMiUyMTFzcHQtQlIlMjEyc2JyJTIxNHYxNTkyNTc5NjczMTA4JTIxNW0yJTIxMXNwdC1CUiUyMTJzYnIlMjIlMjB3aWR0aCUzRCUyMjc1MCUyMiUyMGhlaWdodCUzRCUyMjM1MCUyMiUyMGZyYW1lYm9yZGVyJTNEJTIyMCUyMiUyMHN0eWxlJTNEJTIyYm9yZGVyJTNBMCUzQiUyMiUyMGFsbG93ZnVsbHNjcmVlbiUzRCUyMiUyMiUyMGFyaWEtaGlkZGVuJTNEJTIyZmFsc2UlMjIlMjB0YWJpbmRleCUzRCUyMjAlMjIlM0UlM0MlMkZpZnJhbWUlM0U=&#8221;][\/vc_column_inner][\/vc_row_inner][vc_empty_space][\/vc_column][\/vc_row][vc_row][vc_column][vc_row_inner][vc_column_inner width=&#8221;1\/2&#8243;][vc_column_text] Comercial Norte &#8211; QNE 17 &#8211; Taguatinga [\/vc_column_text][vc_column_text]Nossa loja possui diversos endere\u00e7os um deles. QNE 17 Lote 15 Loja 1 s\/n St. E Norte &#8211; [&hellip;]","protected":false},"author":1,"featured_media":0,"parent":0,"menu_order":0,"comment_status":"closed","ping_status":"closed","template":"","meta":{"footnotes":""},"class_list":["post-118","page","type-page","status-publish","hentry"],"yoast_head":"<!-- This site is optimized with the Yoast SEO plugin v23.4 - https:\/\/yoast.com\/wordpress\/plugins\/seo\/ -->\n<title>Localiza\u00e7\u00e3o - Luana Decora\u00e7\u00f5es<\/title>\n<meta name=\"robots\" content=\"index, follow, max-snippet:-1, max-image-preview:large, max-video-preview:-1\" \/>\n<link rel=\"canonical\" href=\"https:\/\/www.luanadecoracoes.com.br\/site\/localizacao\/\" \/>\n<meta property=\"og:locale\" content=\"pt_BR\" \/>\n<meta property=\"og:type\" content=\"article\" \/>\n<meta property=\"og:title\" content=\"Localiza\u00e7\u00e3o - Luana Decora\u00e7\u00f5es\" \/>\n<meta property=\"og:description\" content=\"[vc_row][vc_column][vc_row_inner][vc_column_inner width=&#8221;1\/2&#8243;][vc_column_text] SHCS C\/L 304 &#8211; Asa Sul &#8211; Bras\u00edlia [\/vc_column_text][vc_column_text]Loja de decora\u00e7\u00f5es com diversos produtos. SHCS C\/L 304 Bloco D Loja 16 &#8211; Asa SulBras\u00edlia-DF70330-530(61) 3323-1001[\/vc_column_text][\/vc_column_inner][vc_column_inner width=&#8221;1\/2&#8243;][vc_gmaps link=&#8221;#E-8_JTNDaWZyYW1lJTIwc3JjJTNEJTIyaHR0cHMlM0ElMkYlMkZ3d3cuZ29vZ2xlLmNvbSUyRm1hcHMlMkZlbWJlZCUzRnBiJTNEJTIxMW0xOCUyMTFtMTIlMjExbTMlMjExZDYxNDIyLjI2NDE4NzM5MTQyJTIxMmQtNDcuOTMyNDI4NzYxOTU1NjIlMjEzZC0xNS44MDk2NzM0NjA4ODg2ODQlMjEybTMlMjExZjAlMjEyZjAlMjEzZjAlMjEzbTIlMjExaTEwMjQlMjEyaTc2OCUyMTRmMTMuMSUyMTNtMyUyMTFtMiUyMTFzMHg5MzVhM2FjMjliMTY4ODA5JTI1M0EweDkxZGIzMWE1YzM5YmYxMWYlMjEyelRIVmhibUVnUkdWamIzSmh3NmZEdFdWeiUyMTVlMCUyMTNtMiUyMTFzcHQtQlIlMjEyc2JyJTIxNHYxNTkyNTc5NjczMTA4JTIxNW0yJTIxMXNwdC1CUiUyMTJzYnIlMjIlMjB3aWR0aCUzRCUyMjc1MCUyMiUyMGhlaWdodCUzRCUyMjM1MCUyMiUyMGZyYW1lYm9yZGVyJTNEJTIyMCUyMiUyMHN0eWxlJTNEJTIyYm9yZGVyJTNBMCUzQiUyMiUyMGFsbG93ZnVsbHNjcmVlbiUzRCUyMiUyMiUyMGFyaWEtaGlkZGVuJTNEJTIyZmFsc2UlMjIlMjB0YWJpbmRleCUzRCUyMjAlMjIlM0UlM0MlMkZpZnJhbWUlM0U=&#8221;][\/vc_column_inner][\/vc_row_inner][vc_empty_space][\/vc_column][\/vc_row][vc_row][vc_column][vc_row_inner][vc_column_inner width=&#8221;1\/2&#8243;][vc_column_text] Comercial Norte &#8211; QNE 17 &#8211; Taguatinga [\/vc_column_text][vc_column_text]Nossa loja possui diversos endere\u00e7os um deles. QNE 17 Lote 15 Loja 1 s\/n St. E Norte &#8211; [&hellip;]\" \/>\n<meta property=\"og:url\" content=\"https:\/\/www.luanadecoracoes.com.br\/site\/localizacao\/\" \/>\n<meta property=\"og:site_name\" content=\"Luana Decora\u00e7\u00f5es\" \/>\n<meta property=\"article:publisher\" content=\"https:\/\/www.facebook.com\/luanadecoracoes\" \/>\n<meta property=\"article:modified_time\" content=\"2026-01-13T12:07:30+00:00\" \/>\n<meta name=\"twitter:card\" content=\"summary_large_image\" \/>\n<meta name=\"twitter:site\" content=\"@luanadecoracoes\" \/>\n<meta name=\"twitter:label1\" content=\"Est. tempo de leitura\" \/>\n\t<meta name=\"twitter:data1\" content=\"1 minuto\" \/>\n<script type=\"application\/ld+json\" class=\"yoast-schema-graph\">{\"@context\":\"https:\/\/schema.org\",\"@graph\":[{\"@type\":\"WebPage\",\"@id\":\"https:\/\/www.luanadecoracoes.com.br\/site\/localizacao\/\",\"url\":\"https:\/\/www.luanadecoracoes.com.br\/site\/localizacao\/\",\"name\":\"Localiza\u00e7\u00e3o - Luana Decora\u00e7\u00f5es\",\"isPartOf\":{\"@id\":\"https:\/\/www.luanadecoracoes.com.br\/site\/#website\"},\"datePublished\":\"2019-04-05T20:59:46+00:00\",\"dateModified\":\"2026-01-13T12:07:30+00:00\",\"breadcrumb\":{\"@id\":\"https:\/\/www.luanadecoracoes.com.br\/site\/localizacao\/#breadcrumb\"},\"inLanguage\":\"pt-BR\",\"potentialAction\":[{\"@type\":\"ReadAction\",\"target\":[\"https:\/\/www.luanadecoracoes.com.br\/site\/localizacao\/\"]}]},{\"@type\":\"BreadcrumbList\",\"@id\":\"https:\/\/www.luanadecoracoes.com.br\/site\/localizacao\/#breadcrumb\",\"itemListElement\":[{\"@type\":\"ListItem\",\"position\":1,\"name\":\"In\u00edcio\",\"item\":\"https:\/\/www.luanadecoracoes.com.br\/site\/\"},{\"@type\":\"ListItem\",\"position\":2,\"name\":\"Localiza\u00e7\u00e3o\"}]},{\"@type\":\"WebSite\",\"@id\":\"https:\/\/www.luanadecoracoes.com.br\/site\/#website\",\"url\":\"https:\/\/www.luanadecoracoes.com.br\/site\/\",\"name\":\"Luana Decora\u00e7\u00f5es\",\"description\":\"Persianas, Toldos e Cortinas Sob Medida no DF\",\"publisher\":{\"@id\":\"https:\/\/www.luanadecoracoes.com.br\/site\/#organization\"},\"potentialAction\":[{\"@type\":\"SearchAction\",\"target\":{\"@type\":\"EntryPoint\",\"urlTemplate\":\"https:\/\/www.luanadecoracoes.com.br\/site\/?s={search_term_string}\"},\"query-input\":{\"@type\":\"PropertyValueSpecification\",\"valueRequired\":true,\"valueName\":\"search_term_string\"}}],\"inLanguage\":\"pt-BR\"},{\"@type\":\"Organization\",\"@id\":\"https:\/\/www.luanadecoracoes.com.br\/site\/#organization\",\"name\":\"Luana Decora\u00e7\u00f5es\",\"url\":\"https:\/\/www.luanadecoracoes.com.br\/site\/\",\"logo\":{\"@type\":\"ImageObject\",\"inLanguage\":\"pt-BR\",\"@id\":\"https:\/\/www.luanadecoracoes.com.br\/site\/#\/schema\/logo\/image\/\",\"url\":\"https:\/\/www.luanadecoracoes.com.br\/site\/wp-content\/uploads\/2024\/02\/LOGO_Luana-RGB.png\",\"contentUrl\":\"https:\/\/www.luanadecoracoes.com.br\/site\/wp-content\/uploads\/2024\/02\/LOGO_Luana-RGB.png\",\"width\":4740,\"height\":1964,\"caption\":\"Luana Decora\u00e7\u00f5es\"},\"image\":{\"@id\":\"https:\/\/www.luanadecoracoes.com.br\/site\/#\/schema\/logo\/image\/\"},\"sameAs\":[\"https:\/\/www.facebook.com\/luanadecoracoes\",\"https:\/\/x.com\/luanadecoracoes\",\"https:\/\/www.instagram.com\/luanadecor\/\"]}]}<\/script>\n<!-- \/ Yoast SEO plugin. -->","yoast_head_json":{"title":"Localiza\u00e7\u00e3o - Luana Decora\u00e7\u00f5es","robots":{"index":"index","follow":"follow","max-snippet":"max-snippet:-1","max-image-preview":"max-image-preview:large","max-video-preview":"max-video-preview:-1"},"canonical":"https:\/\/www.luanadecoracoes.com.br\/site\/localizacao\/","og_locale":"pt_BR","og_type":"article","og_title":"Localiza\u00e7\u00e3o - Luana Decora\u00e7\u00f5es","og_description":"[vc_row][vc_column][vc_row_inner][vc_column_inner width=&#8221;1\/2&#8243;][vc_column_text] SHCS C\/L 304 &#8211; Asa Sul &#8211; Bras\u00edlia [\/vc_column_text][vc_column_text]Loja de decora\u00e7\u00f5es com diversos produtos. SHCS C\/L 304 Bloco D Loja 16 &#8211; Asa SulBras\u00edlia-DF70330-530(61) 3323-1001[\/vc_column_text][\/vc_column_inner][vc_column_inner width=&#8221;1\/2&#8243;][vc_gmaps link=&#8221;#E-8_JTNDaWZyYW1lJTIwc3JjJTNEJTIyaHR0cHMlM0ElMkYlMkZ3d3cuZ29vZ2xlLmNvbSUyRm1hcHMlMkZlbWJlZCUzRnBiJTNEJTIxMW0xOCUyMTFtMTIlMjExbTMlMjExZDYxNDIyLjI2NDE4NzM5MTQyJTIxMmQtNDcuOTMyNDI4NzYxOTU1NjIlMjEzZC0xNS44MDk2NzM0NjA4ODg2ODQlMjEybTMlMjExZjAlMjEyZjAlMjEzZjAlMjEzbTIlMjExaTEwMjQlMjEyaTc2OCUyMTRmMTMuMSUyMTNtMyUyMTFtMiUyMTFzMHg5MzVhM2FjMjliMTY4ODA5JTI1M0EweDkxZGIzMWE1YzM5YmYxMWYlMjEyelRIVmhibUVnUkdWamIzSmh3NmZEdFdWeiUyMTVlMCUyMTNtMiUyMTFzcHQtQlIlMjEyc2JyJTIxNHYxNTkyNTc5NjczMTA4JTIxNW0yJTIxMXNwdC1CUiUyMTJzYnIlMjIlMjB3aWR0aCUzRCUyMjc1MCUyMiUyMGhlaWdodCUzRCUyMjM1MCUyMiUyMGZyYW1lYm9yZGVyJTNEJTIyMCUyMiUyMHN0eWxlJTNEJTIyYm9yZGVyJTNBMCUzQiUyMiUyMGFsbG93ZnVsbHNjcmVlbiUzRCUyMiUyMiUyMGFyaWEtaGlkZGVuJTNEJTIyZmFsc2UlMjIlMjB0YWJpbmRleCUzRCUyMjAlMjIlM0UlM0MlMkZpZnJhbWUlM0U=&#8221;][\/vc_column_inner][\/vc_row_inner][vc_empty_space][\/vc_column][\/vc_row][vc_row][vc_column][vc_row_inner][vc_column_inner width=&#8221;1\/2&#8243;][vc_column_text] Comercial Norte &#8211; QNE 17 &#8211; Taguatinga [\/vc_column_text][vc_column_text]Nossa loja possui diversos endere\u00e7os um deles. QNE 17 Lote 15 Loja 1 s\/n St. E Norte &#8211; [&hellip;]","og_url":"https:\/\/www.luanadecoracoes.com.br\/site\/localizacao\/","og_site_name":"Luana Decora\u00e7\u00f5es","article_publisher":"https:\/\/www.facebook.com\/luanadecoracoes","article_modified_time":"2026-01-13T12:07:30+00:00","twitter_card":"summary_large_image","twitter_site":"@luanadecoracoes","twitter_misc":{"Est. tempo de leitura":"1 minuto"},"schema":{"@context":"https:\/\/schema.org","@graph":[{"@type":"WebPage","@id":"https:\/\/www.luanadecoracoes.com.br\/site\/localizacao\/","url":"https:\/\/www.luanadecoracoes.com.br\/site\/localizacao\/","name":"Localiza\u00e7\u00e3o - Luana Decora\u00e7\u00f5es","isPartOf":{"@id":"https:\/\/www.luanadecoracoes.com.br\/site\/#website"},"datePublished":"2019-04-05T20:59:46+00:00","dateModified":"2026-01-13T12:07:30+00:00","breadcrumb":{"@id":"https:\/\/www.luanadecoracoes.com.br\/site\/localizacao\/#breadcrumb"},"inLanguage":"pt-BR","potentialAction":[{"@type":"ReadAction","target":["https:\/\/www.luanadecoracoes.com.br\/site\/localizacao\/"]}]},{"@type":"BreadcrumbList","@id":"https:\/\/www.luanadecoracoes.com.br\/site\/localizacao\/#breadcrumb","itemListElement":[{"@type":"ListItem","position":1,"name":"In\u00edcio","item":"https:\/\/www.luanadecoracoes.com.br\/site\/"},{"@type":"ListItem","position":2,"name":"Localiza\u00e7\u00e3o"}]},{"@type":"WebSite","@id":"https:\/\/www.luanadecoracoes.com.br\/site\/#website","url":"https:\/\/www.luanadecoracoes.com.br\/site\/","name":"Luana Decora\u00e7\u00f5es","description":"Persianas, Toldos e Cortinas Sob Medida no DF","publisher":{"@id":"https:\/\/www.luanadecoracoes.com.br\/site\/#organization"},"potentialAction":[{"@type":"SearchAction","target":{"@type":"EntryPoint","urlTemplate":"https:\/\/www.luanadecoracoes.com.br\/site\/?s={search_term_string}"},"query-input":{"@type":"PropertyValueSpecification","valueRequired":true,"valueName":"search_term_string"}}],"inLanguage":"pt-BR"},{"@type":"Organization","@id":"https:\/\/www.luanadecoracoes.com.br\/site\/#organization","name":"Luana Decora\u00e7\u00f5es","url":"https:\/\/www.luanadecoracoes.com.br\/site\/","logo":{"@type":"ImageObject","inLanguage":"pt-BR","@id":"https:\/\/www.luanadecoracoes.com.br\/site\/#\/schema\/logo\/image\/","url":"https:\/\/www.luanadecoracoes.com.br\/site\/wp-content\/uploads\/2024\/02\/LOGO_Luana-RGB.png","contentUrl":"https:\/\/www.luanadecoracoes.com.br\/site\/wp-content\/uploads\/2024\/02\/LOGO_Luana-RGB.png","width":4740,"height":1964,"caption":"Luana Decora\u00e7\u00f5es"},"image":{"@id":"https:\/\/www.luanadecoracoes.com.br\/site\/#\/schema\/logo\/image\/"},"sameAs":["https:\/\/www.facebook.com\/luanadecoracoes","https:\/\/x.com\/luanadecoracoes","https:\/\/www.instagram.com\/luanadecor\/"]}]}},"_links":{"self":[{"href":"https:\/\/www.luanadecoracoes.com.br\/site\/wp-json\/wp\/v2\/pages\/118","targetHints":{"allow":["GET"]}}],"collection":[{"href":"https:\/\/www.luanadecoracoes.com.br\/site\/wp-json\/wp\/v2\/pages"}],"about":[{"href":"https:\/\/www.luanadecoracoes.com.br\/site\/wp-json\/wp\/v2\/types\/page"}],"author":[{"embeddable":true,"href":"https:\/\/www.luanadecoracoes.com.br\/site\/wp-json\/wp\/v2\/users\/1"}],"replies":[{"embeddable":true,"href":"https:\/\/www.luanadecoracoes.com.br\/site\/wp-json\/wp\/v2\/comments?post=118"}],"version-history":[{"count":31,"href":"https:\/\/www.luanadecoracoes.com.br\/site\/wp-json\/wp\/v2\/pages\/118\/revisions"}],"predecessor-version":[{"id":1485,"href":"https:\/\/www.luanadecoracoes.com.br\/site\/wp-json\/wp\/v2\/pages\/118\/revisions\/1485"}],"wp:attachment":[{"href":"https:\/\/www.luanadecoracoes.com.br\/site\/wp-json\/wp\/v2\/media?parent=118"}],"curies":[{"name":"wp","href":"https:\/\/api.w.org\/{rel}","templated":true}]}}